{"id":1414,"date":"2024-11-19T12:16:07","date_gmt":"2024-11-19T11:16:07","guid":{"rendered":"https:\/\/visualflow.es\/accesibilidad\/"},"modified":"2024-12-09T13:51:41","modified_gmt":"2024-12-09T12:51:41","slug":"accessibility","status":"publish","type":"page","link":"https:\/\/visualflow.es\/en\/accessibility\/","title":{"rendered":"Accessibility"},"content":{"rendered":"\t\t<div data-elementor-type=\"wp-page\" data-elementor-id=\"1414\" class=\"elementor elementor-1414 elementor-861\" data-elementor-post-type=\"page\">\n\t\t\t\t<div class=\"elementor-element elementor-element-c2d6f80 e-flex e-con-boxed e-con e-parent\" data-id=\"c2d6f80\" data-element_type=\"container\" data-settings=\"{&quot;profecient_background_motion_effects_toggle&quot;:0,&quot;profecient_parallax_effects_toggle&quot;:0,&quot;profecient_mouse_effects_toggle&quot;:0}\">\n\t\t\t\t\t<div class=\"e-con-inner\">\n\t\t\t\t<div class=\"elementor-element elementor-element-dc59ea5 elementor-widget elementor-widget-heading\" data-id=\"dc59ea5\" data-element_type=\"widget\" data-settings=\"{&quot;profecient_parallax_effects_toggle&quot;:0,&quot;profecient_mouse_effects_toggle&quot;:0}\" data-widget_type=\"heading.default\">\n\t\t\t\t<div class=\"elementor-widget-container\">\n\t\t\t\t\t<h2 class=\"elementor-heading-title elementor-size-default\">Accesibilidad<\/h2>\t\t\t\t<\/div>\n\t\t\t\t<\/div>\n\t\t\t\t<div class=\"elementor-element elementor-element-dcd8418 elementor-widget elementor-widget-text-editor\" data-id=\"dcd8418\" data-element_type=\"widget\" data-settings=\"{&quot;profecient_parallax_effects_toggle&quot;:0,&quot;profecient_mouse_effects_toggle&quot;:0}\" data-widget_type=\"text-editor.default\">\n\t\t\t\t<div class=\"elementor-widget-container\">\n\t\t\t\t\t\t\t\t\tEste sitio web se ha comprometido a hacer accesibles sus contenidos de conformidad con el Real Decreto 1112\/2018, de 7 de septiembre, sobre accesibilidad de los sitios web y aplicaciones para dispositivos m\u00f3viles (en adelante, Real Decreto 1112\/2018, de 7 de septiembre).\n\nLa presente declaraci\u00f3n de accesibilidad se aplica a este sitio web.\n\n&nbsp;\n<h5 style=\"text-align: center;\"><span style=\"color: #2a394b;\"><strong>SITUACI\u00d3N DE CUMPLIMIENTO<\/strong><\/span><\/h5>\nEste sitio web es parcialmente conforme con el Real Decreto 1112\/2018, de 7 de septiembre.\n\nEl m\u00e9todo empleado para preparar la declaraci\u00f3n ha sido una autoevaluaci\u00f3n llevada a cabo por la propia entidad titular del sitio web.\n\n&nbsp;\n<h5 style=\"text-align: center;\"><span style=\"color: #2a394b;\"><strong>OBSERVACIONES Y DATOS DE CONTACTO<\/strong><\/span><\/h5>\nPuede realizar comunicaciones sobre requisitos de accesibilidad (art\u00edculo 10.2.a) del Real Decreto 1112\/2018, de 7 de septiembre) como, por ejemplo:\n\nInformar sobre cualquier posible incumplimiento por parte de este sitio web.\nTransmitir otras dificultades de acceso al contenido.\nFormular cualquier otra consulta o sugerencia de mejora relativa a la accesibilidad del sitio web.\nA trav\u00e9s de las v\u00edas de contacto expuestas en nuestra p\u00e1gina de contacto.\n\nLas comunicaciones ser\u00e1n recibidas y tratadas por la entidad responsable de los contenidos de este sitio web.\n\n&nbsp;\n<h5 style=\"text-align: center;\"><span style=\"color: #2a394b;\"><strong>PROCEDIMIENTO DE APLICACI\u00d3N<\/strong><\/span><\/h5>\nA trav\u00e9s de este procedimiento podr\u00e1 iniciar una reclamaci\u00f3n para conocer y oponerse a los motivos de la desestimaci\u00f3n de una solicitud de informaci\u00f3n accesible o queja, instar la adopci\u00f3n de las medidas oportunas en el caso de no estar de acuerdo con la decisi\u00f3n adoptada, o exponer las razones por las que se considera que la respuesta no cumple con los requisitos exigidos.\n\nEnlace al procedimiento de reclamaci\u00f3n, que debe dirigir a la unidad responsable de accesibilidad de este ministerio, o si la reclamaci\u00f3n es por una actuaci\u00f3n de dicha unidad, al superior jer\u00e1rquico de \u00e9sta.\n\n&nbsp;\n<h5 style=\"text-align: center;\"><span style=\"color: #2a394b;\"><strong>CONTENIDO OPCIONAL<\/strong><\/span><\/h5>\nA partir de su publicaci\u00f3n inicial se llevan a cabo revisiones parciales del contenido web nuevo o modificado, tanto de las plantillas como de las p\u00e1ginas y documentos finales publicados, a fin de asegurar el cumplimiento de los requerimientos de accesibilidad de la Norma UNE-EN 301549:2019, considerando las excepciones del Real Decreto 1112\/2018, de 7 de septiembre.\n\nEntre otras se adoptan las siguientes medidas para facilitar la accesibilidad:\n\nUtilizaci\u00f3n de texto alternativo en las im\u00e1genes\nLos enlaces ofrecen detalles de la funci\u00f3n o destino del hiperv\u00ednculo\nUso de los est\u00e1ndares del W3C: XHTML 1.0, CSS 3.0, WAI AA.\t\t\t\t\t\t\t\t<\/div>\n\t\t\t\t<\/div>\n\t\t\t\t\t<\/div>\n\t\t\t\t<\/div>\n\t\t\t\t<\/div>\n\t\t","protected":false},"excerpt":{"rendered":"<p>Accesibilidad Este sitio web se ha comprometido a hacer accesibles sus contenidos de conformidad con el Real Decreto 1112\/2018, de 7 de septiembre, sobre accesibilidad de los sitios web y aplicaciones para dispositivos m\u00f3viles (en adelante, Real Decreto 1112\/2018, de 7 de septiembre). La presente declaraci\u00f3n de accesibilidad se aplica a este sitio web. SITUACI\u00d3N [&hellip;]<\/p>\n","protected":false},"author":1,"featured_media":0,"parent":0,"menu_order":0,"comment_status":"closed","ping_status":"closed","template":"elementor_header_footer","meta":{"footnotes":""},"class_list":["post-1414","page","type-page","status-publish","hentry"],"_links":{"self":[{"href":"https:\/\/visualflow.es\/en\/wp-json\/wp\/v2\/pages\/1414","targetHints":{"allow":["GET"]}}],"collection":[{"href":"https:\/\/visualflow.es\/en\/wp-json\/wp\/v2\/pages"}],"about":[{"href":"https:\/\/visualflow.es\/en\/wp-json\/wp\/v2\/types\/page"}],"author":[{"embeddable":true,"href":"https:\/\/visualflow.es\/en\/wp-json\/wp\/v2\/users\/1"}],"replies":[{"embeddable":true,"href":"https:\/\/visualflow.es\/en\/wp-json\/wp\/v2\/comments?post=1414"}],"version-history":[{"count":1,"href":"https:\/\/visualflow.es\/en\/wp-json\/wp\/v2\/pages\/1414\/revisions"}],"predecessor-version":[{"id":1420,"href":"https:\/\/visualflow.es\/en\/wp-json\/wp\/v2\/pages\/1414\/revisions\/1420"}],"wp:attachment":[{"href":"https:\/\/visualflow.es\/en\/wp-json\/wp\/v2\/media?parent=1414"}],"curies":[{"name":"wp","href":"https:\/\/api.w.org\/{rel}","templated":true}]}}