{"id":1400,"date":"2024-11-18T12:00:39","date_gmt":"2024-11-18T11:00:39","guid":{"rendered":"https:\/\/visualflow.es\/negocios\/"},"modified":"2024-12-09T13:40:57","modified_gmt":"2024-12-09T12:40:57","slug":"business","status":"publish","type":"page","link":"https:\/\/visualflow.es\/en\/business\/","title":{"rendered":"Business"},"content":{"rendered":"\t\t<div data-elementor-type=\"wp-page\" data-elementor-id=\"1400\" class=\"elementor elementor-1400 elementor-660\" data-elementor-post-type=\"page\">\n\t\t\t\t\t\t<section class=\"elementor-section elementor-top-section elementor-element elementor-element-2c63b41 elementor-section-full_width elementor-section-height-default elementor-section-height-default\" data-id=\"2c63b41\" data-element_type=\"section\" data-settings=\"{&quot;background_background&quot;:&quot;classic&quot;,&quot;profecient_background_motion_effects_toggle&quot;:0,&quot;profecient_parallax_effects_toggle&quot;:0,&quot;profecient_mouse_effects_toggle&quot;:0}\">\n\t\t\t\t\t\t\t<div class=\"elementor-background-overlay\"><\/div>\n\t\t\t\t\t\t\t<div class=\"elementor-container elementor-column-gap-no\">\n\t\t\t\t\t<div class=\"elementor-column elementor-col-100 elementor-top-column elementor-element elementor-element-ab0ac47\" data-id=\"ab0ac47\" data-element_type=\"column\" data-settings=\"{&quot;profecient_background_motion_effects_toggle&quot;:0,&quot;profecient_parallax_effects_toggle&quot;:0,&quot;profecient_mouse_effects_toggle&quot;:0}\">\n\t\t\t<div class=\"elementor-widget-wrap elementor-element-populated\">\n\t\t\t\t\t\t<section class=\"elementor-section elementor-inner-section elementor-element elementor-element-d5a30aa elementor-section-boxed elementor-section-height-default elementor-section-height-default\" data-id=\"d5a30aa\" data-element_type=\"section\" data-settings=\"{&quot;background_background&quot;:&quot;classic&quot;,&quot;profecient_background_motion_effects_toggle&quot;:0,&quot;profecient_parallax_effects_toggle&quot;:0,&quot;profecient_mouse_effects_toggle&quot;:0}\">\n\t\t\t\t\t\t<div class=\"elementor-container elementor-column-gap-no\">\n\t\t\t\t\t<div class=\"elementor-column elementor-col-50 elementor-inner-column elementor-element elementor-element-d703f35\" data-id=\"d703f35\" data-element_type=\"column\" data-settings=\"{&quot;profecient_background_motion_effects_toggle&quot;:0,&quot;profecient_parallax_effects_toggle&quot;:0,&quot;profecient_mouse_effects_toggle&quot;:0}\">\n\t\t\t<div class=\"elementor-widget-wrap elementor-element-populated\">\n\t\t\t\t\t\t<div class=\"elementor-element elementor-element-ced1599 elementor-widget__width-auto elementor-widget elementor-widget-jkit_heading\" data-id=\"ced1599\" data-element_type=\"widget\" data-settings=\"{&quot;profecient_parallax_effects_toggle&quot;:0,&quot;profecient_mouse_effects_toggle&quot;:0}\" data-widget_type=\"jkit_heading.default\">\n\t\t\t\t<div class=\"elementor-widget-container\">\n\t\t\t\t\t<div  class=\"jeg-elementor-kit jkit-heading  align- align-tablet-center align-mobile- jeg_module___69ef52b5d23db\" ><div class=\"heading-section-title  display-inline-block\"><h5 class=\"heading-title\">Negocios<\/h5><\/div><\/div>\t\t\t\t<\/div>\n\t\t\t\t<\/div>\n\t\t\t\t<div class=\"elementor-element elementor-element-507caa9 elementor-widget elementor-widget-jkit_animated_text\" data-id=\"507caa9\" data-element_type=\"widget\" data-settings=\"{&quot;profecient_parallax_effects_toggle&quot;:0,&quot;profecient_mouse_effects_toggle&quot;:0}\" data-widget_type=\"jkit_animated_text.default\">\n\t\t\t\t<div class=\"elementor-widget-container\">\n\t\t\t\t\t<div  class=\"jeg-elementor-kit jkit-animated-text jeg_module__1_69ef52b5d5287\"  data-style=\"highlighted\" data-text=\"\u00e9xitos empresariales\" data-shape=\"underline\"><h1 class=\"animated-text\"><span class=\"normal-text style-color\">Convertimos ideas en <\/span><span class=\"dynamic-wrapper style-color\"><span class=\"dynamic-text\">\u00e9xitos empresariales<\/span><svg xmlns=\"http:\/\/www.w3.org\/2000\/svg\" viewBox=\"0 0 500 150\" preserveAspectRatio=\"none\"><path class=\"style-color\"  d=\"M3,77.5s200.54-11,493,0\" transform=\"translate(-2.75 -68.11)\"\/><\/svg><\/span><span class=\"normal-text style-color\"><\/span><\/h1><\/div>\t\t\t\t<\/div>\n\t\t\t\t<\/div>\n\t\t\t\t\t<\/div>\n\t\t<\/div>\n\t\t\t\t<div class=\"elementor-column elementor-col-50 elementor-inner-column elementor-element elementor-element-f82416c\" data-id=\"f82416c\" data-element_type=\"column\" data-settings=\"{&quot;profecient_background_motion_effects_toggle&quot;:0,&quot;profecient_parallax_effects_toggle&quot;:0,&quot;profecient_mouse_effects_toggle&quot;:0}\">\n\t\t\t<div class=\"elementor-widget-wrap elementor-element-populated\">\n\t\t\t\t\t\t<div class=\"elementor-element elementor-element-67ed9f9 elementor-widget-tablet__width-initial elementor-widget elementor-widget-text-editor\" data-id=\"67ed9f9\" data-element_type=\"widget\" data-settings=\"{&quot;profecient_parallax_effects_toggle&quot;:0,&quot;profecient_mouse_effects_toggle&quot;:0}\" data-widget_type=\"text-editor.default\">\n\t\t\t\t<div class=\"elementor-widget-container\">\n\t\t\t\t\t\t\t\t\t<p>En Visualflow, somos el mejor aliado para transformar tus ideas en proyectos de futuro.<\/p><p>La siguiente, es una lista de las inversiones y oportunidades de negocio que gestionamos actualmente.<\/p>\t\t\t\t\t\t\t\t<\/div>\n\t\t\t\t<\/div>\n\t\t\t\t\t<\/div>\n\t\t<\/div>\n\t\t\t\t\t<\/div>\n\t\t<\/section>\n\t\t\t\t<section class=\"elementor-section elementor-inner-section elementor-element elementor-element-762403d elementor-hidden-mobile elementor-section-boxed elementor-section-height-default elementor-section-height-default\" data-id=\"762403d\" data-element_type=\"section\" data-settings=\"{&quot;background_background&quot;:&quot;gradient&quot;,&quot;profecient_background_motion_effects_toggle&quot;:0,&quot;profecient_parallax_effects_toggle&quot;:0,&quot;profecient_mouse_effects_toggle&quot;:0}\">\n\t\t\t\t\t\t\t<div class=\"elementor-background-overlay\"><\/div>\n\t\t\t\t\t\t\t<div class=\"elementor-container elementor-column-gap-no\">\n\t\t\t\t\t<div class=\"elementor-column elementor-col-100 elementor-inner-column elementor-element elementor-element-9fbb8b1\" data-id=\"9fbb8b1\" data-element_type=\"column\" data-settings=\"{&quot;background_background&quot;:&quot;classic&quot;,&quot;profecient_background_motion_effects_toggle&quot;:0,&quot;profecient_parallax_effects_toggle&quot;:0,&quot;profecient_mouse_effects_toggle&quot;:0}\">\n\t\t\t<div class=\"elementor-widget-wrap elementor-element-populated\">\n\t\t\t\t\t\t<div class=\"elementor-element elementor-element-c4f89e5 elementor-widget elementor-widget-spacer\" data-id=\"c4f89e5\" data-element_type=\"widget\" data-settings=\"{&quot;profecient_parallax_effects_toggle&quot;:0,&quot;profecient_mouse_effects_toggle&quot;:0}\" data-widget_type=\"spacer.default\">\n\t\t\t\t<div class=\"elementor-widget-container\">\n\t\t\t\t\t\t\t<div class=\"elementor-spacer\">\n\t\t\t<div class=\"elementor-spacer-inner\"><\/div>\n\t\t<\/div>\n\t\t\t\t\t\t<\/div>\n\t\t\t\t<\/div>\n\t\t\t\t\t<\/div>\n\t\t<\/div>\n\t\t\t\t\t<\/div>\n\t\t<\/section>\n\t\t\t\t\t<\/div>\n\t\t<\/div>\n\t\t\t\t\t<\/div>\n\t\t<\/section>\n\t\t\t\t<section class=\"elementor-section elementor-top-section elementor-element elementor-element-5a0580e elementor-section-boxed elementor-section-height-default elementor-section-height-default\" data-id=\"5a0580e\" data-element_type=\"section\" data-settings=\"{&quot;background_background&quot;:&quot;classic&quot;,&quot;profecient_background_motion_effects_toggle&quot;:0,&quot;profecient_parallax_effects_toggle&quot;:0,&quot;profecient_mouse_effects_toggle&quot;:0}\">\n\t\t\t\t\t\t<div class=\"elementor-container elementor-column-gap-no\">\n\t\t\t\t\t<div class=\"elementor-column elementor-col-100 elementor-top-column elementor-element elementor-element-689185b\" data-id=\"689185b\" data-element_type=\"column\" data-settings=\"{&quot;profecient_background_motion_effects_toggle&quot;:0,&quot;profecient_parallax_effects_toggle&quot;:0,&quot;profecient_mouse_effects_toggle&quot;:0}\">\n\t\t\t<div class=\"elementor-widget-wrap elementor-element-populated\">\n\t\t\t\t\t\t<section class=\"elementor-section elementor-inner-section elementor-element elementor-element-2a823a3 elementor-section-full_width elementor-section-height-default elementor-section-height-default\" data-id=\"2a823a3\" data-element_type=\"section\" data-settings=\"{&quot;profecient_background_motion_effects_toggle&quot;:0,&quot;profecient_parallax_effects_toggle&quot;:0,&quot;profecient_mouse_effects_toggle&quot;:0}\">\n\t\t\t\t\t\t<div class=\"elementor-container elementor-column-gap-no\">\n\t\t\t\t\t<div class=\"elementor-column elementor-col-50 elementor-inner-column elementor-element elementor-element-e635e14 profecient-parallax-yes\" data-id=\"e635e14\" data-element_type=\"column\" data-settings=\"{&quot;profecient_parallax_effects_toggle&quot;:&quot;yes&quot;,&quot;profecient_parallax_effects_y_popover_start&quot;:&quot;yes&quot;,&quot;profecient_parallax_effects_y_start_responsive&quot;:{&quot;unit&quot;:&quot;px&quot;,&quot;size&quot;:25,&quot;sizes&quot;:&quot;&quot;},&quot;profecient_parallax_effects_y_css_unit&quot;:&quot;px&quot;,&quot;profecient_parallax_effects_y_animation_viewport&quot;:{&quot;unit&quot;:&quot;%&quot;,&quot;size&quot;:&quot;&quot;,&quot;sizes&quot;:{&quot;start&quot;:0,&quot;end&quot;:21}},&quot;profecient_parallax_effects_transition_property&quot;:&quot;transform, filter&quot;,&quot;profecient_parallax_effects_transition_duration&quot;:&quot;800ms&quot;,&quot;profecient_parallax_effects_transition_easing&quot;:&quot;ease-out&quot;,&quot;profecient_parallax_effects_transition_popover_start&quot;:&quot;yes&quot;,&quot;profecient_background_motion_effects_toggle&quot;:0,&quot;profecient_parallax_effects_y_start_responsive_tablet&quot;:{&quot;unit&quot;:&quot;px&quot;,&quot;size&quot;:&quot;&quot;,&quot;sizes&quot;:[]},&quot;profecient_parallax_effects_y_start_responsive_mobile&quot;:{&quot;unit&quot;:&quot;px&quot;,&quot;size&quot;:&quot;&quot;,&quot;sizes&quot;:[]},&quot;profecient_parallax_effects_y_end_responsive&quot;:{&quot;unit&quot;:&quot;px&quot;,&quot;size&quot;:0,&quot;sizes&quot;:&quot;&quot;},&quot;profecient_parallax_effects_y_end_responsive_tablet&quot;:{&quot;unit&quot;:&quot;px&quot;,&quot;size&quot;:&quot;&quot;,&quot;sizes&quot;:[]},&quot;profecient_parallax_effects_y_end_responsive_mobile&quot;:{&quot;unit&quot;:&quot;px&quot;,&quot;size&quot;:&quot;&quot;,&quot;sizes&quot;:[]},&quot;profecient_parallax_effects_y_relative_animation_viewport&quot;:&quot;element&quot;,&quot;profecient_mouse_effects_toggle&quot;:0}\">\n\t\t\t<div class=\"elementor-widget-wrap elementor-element-populated\">\n\t\t\t\t\t\t<div class=\"elementor-element elementor-element-eefd1e4 elementor-widget elementor-widget-image\" data-id=\"eefd1e4\" data-element_type=\"widget\" data-settings=\"{&quot;profecient_parallax_effects_toggle&quot;:0,&quot;profecient_mouse_effects_toggle&quot;:0}\" data-widget_type=\"image.default\">\n\t\t\t\t<div class=\"elementor-widget-container\">\n\t\t\t\t\t\t\t\t\t\t\t\t\t\t\t\t<a href=\"https:\/\/visualflow.es\/wp-content\/uploads\/2024\/11\/inmobiliarias-encuentro-almagro-10.jpg\" data-elementor-open-lightbox=\"yes\" data-elementor-lightbox-title=\"inmobiliarias-encuentro-almagro-10\" data-e-action-hash=\"#elementor-action%3Aaction%3Dlightbox%26settings%3DeyJpZCI6MTM3NCwidXJsIjoiaHR0cHM6XC9cL3Zpc3VhbGZsb3cuZXNcL3dwLWNvbnRlbnRcL3VwbG9hZHNcLzIwMjRcLzExXC9pbm1vYmlsaWFyaWFzLWVuY3VlbnRyby1hbG1hZ3JvLTEwLmpwZyJ9\">\n\t\t\t\t\t\t\t<img fetchpriority=\"high\" decoding=\"async\" width=\"960\" height=\"721\" src=\"https:\/\/visualflow.es\/wp-content\/uploads\/2024\/11\/inmobiliarias-encuentro-almagro-10-1024x769.jpg\" class=\"attachment-large size-large wp-image-1374\" alt=\"\" srcset=\"https:\/\/visualflow.es\/wp-content\/uploads\/2024\/11\/inmobiliarias-encuentro-almagro-10-1024x769.jpg 1024w, https:\/\/visualflow.es\/wp-content\/uploads\/2024\/11\/inmobiliarias-encuentro-almagro-10-300x225.jpg 300w, https:\/\/visualflow.es\/wp-content\/uploads\/2024\/11\/inmobiliarias-encuentro-almagro-10-768x577.jpg 768w, https:\/\/visualflow.es\/wp-content\/uploads\/2024\/11\/inmobiliarias-encuentro-almagro-10-1536x1154.jpg 1536w, https:\/\/visualflow.es\/wp-content\/uploads\/2024\/11\/inmobiliarias-encuentro-almagro-10.jpg 2000w\" sizes=\"(max-width: 960px) 100vw, 960px\" \/>\t\t\t\t\t\t\t\t<\/a>\n\t\t\t\t\t\t\t\t\t\t\t\t\t\t\t<\/div>\n\t\t\t\t<\/div>\n\t\t\t\t\t<\/div>\n\t\t<\/div>\n\t\t\t\t<div class=\"elementor-column elementor-col-50 elementor-inner-column elementor-element elementor-element-68e090c profecient-parallax-yes\" data-id=\"68e090c\" data-element_type=\"column\" data-settings=\"{&quot;profecient_parallax_effects_toggle&quot;:&quot;yes&quot;,&quot;profecient_parallax_effects_y_popover_start&quot;:&quot;yes&quot;,&quot;profecient_parallax_effects_y_start_responsive&quot;:{&quot;unit&quot;:&quot;px&quot;,&quot;size&quot;:45,&quot;sizes&quot;:&quot;&quot;},&quot;profecient_parallax_effects_y_css_unit&quot;:&quot;px&quot;,&quot;profecient_parallax_effects_y_animation_viewport&quot;:{&quot;unit&quot;:&quot;%&quot;,&quot;size&quot;:&quot;&quot;,&quot;sizes&quot;:{&quot;start&quot;:0,&quot;end&quot;:30}},&quot;profecient_parallax_effects_transition_property&quot;:&quot;transform, filter&quot;,&quot;profecient_parallax_effects_transition_duration&quot;:&quot;1000ms&quot;,&quot;profecient_parallax_effects_transition_easing&quot;:&quot;ease-out&quot;,&quot;profecient_parallax_effects_transition_popover_start&quot;:&quot;yes&quot;,&quot;profecient_background_motion_effects_toggle&quot;:0,&quot;profecient_parallax_effects_y_start_responsive_tablet&quot;:{&quot;unit&quot;:&quot;px&quot;,&quot;size&quot;:&quot;&quot;,&quot;sizes&quot;:[]},&quot;profecient_parallax_effects_y_start_responsive_mobile&quot;:{&quot;unit&quot;:&quot;px&quot;,&quot;size&quot;:&quot;&quot;,&quot;sizes&quot;:[]},&quot;profecient_parallax_effects_y_end_responsive&quot;:{&quot;unit&quot;:&quot;px&quot;,&quot;size&quot;:0,&quot;sizes&quot;:&quot;&quot;},&quot;profecient_parallax_effects_y_end_responsive_tablet&quot;:{&quot;unit&quot;:&quot;px&quot;,&quot;size&quot;:&quot;&quot;,&quot;sizes&quot;:[]},&quot;profecient_parallax_effects_y_end_responsive_mobile&quot;:{&quot;unit&quot;:&quot;px&quot;,&quot;size&quot;:&quot;&quot;,&quot;sizes&quot;:[]},&quot;profecient_parallax_effects_y_relative_animation_viewport&quot;:&quot;element&quot;,&quot;profecient_mouse_effects_toggle&quot;:0}\">\n\t\t\t<div class=\"elementor-widget-wrap elementor-element-populated\">\n\t\t\t\t\t\t<div class=\"elementor-element elementor-element-278c334 elementor-widget-tablet__width-initial elementor-widget elementor-widget-jkit_animated_text\" data-id=\"278c334\" data-element_type=\"widget\" data-settings=\"{&quot;profecient_parallax_effects_toggle&quot;:0,&quot;profecient_mouse_effects_toggle&quot;:0}\" data-widget_type=\"jkit_animated_text.default\">\n\t\t\t\t<div class=\"elementor-widget-container\">\n\t\t\t\t\t<div  class=\"jeg-elementor-kit jkit-animated-text jeg_module__2_69ef52b5d67d3\"  data-style=\"highlighted\" data-text=\"\" data-shape=\"underline\"><h2 class=\"animated-text\"><span class=\"normal-text style-color\">Inmobiliarias Encuentro Almagro<\/span><span class=\"dynamic-wrapper style-color\"><span class=\"dynamic-text\"><\/span><svg xmlns=\"http:\/\/www.w3.org\/2000\/svg\" viewBox=\"0 0 500 150\" preserveAspectRatio=\"none\"><path class=\"style-color\"  d=\"M3,77.5s200.54-11,493,0\" transform=\"translate(-2.75 -68.11)\"\/><\/svg><\/span><span class=\"normal-text style-color\"><\/span><\/h2><\/div>\t\t\t\t<\/div>\n\t\t\t\t<\/div>\n\t\t\t\t<div class=\"elementor-element elementor-element-5f49182 elementor-widget-tablet__width-initial elementor-widget elementor-widget-text-editor\" data-id=\"5f49182\" data-element_type=\"widget\" data-settings=\"{&quot;profecient_parallax_effects_toggle&quot;:0,&quot;profecient_mouse_effects_toggle&quot;:0}\" data-widget_type=\"text-editor.default\">\n\t\t\t\t<div class=\"elementor-widget-container\">\n\t\t\t\t\t\t\t\t\t<p>Hemos inaugurado una nueva oficina en la calle Santa Engracia, en pleno coraz\u00f3n de Chamber\u00ed, uno de los barrios m\u00e1s din\u00e1micos y aspiracionales de Madrid. Esta ubicaci\u00f3n refleja nuestro esp\u00edritu de innovaci\u00f3n y conexi\u00f3n con las tendencias m\u00e1s actuales.<\/p>\t\t\t\t\t\t\t\t<\/div>\n\t\t\t\t<\/div>\n\t\t\t\t<div class=\"elementor-element elementor-element-d028d35 elementor-widget__width-auto elementor-widget elementor-widget-jkit_button\" data-id=\"d028d35\" data-element_type=\"widget\" data-settings=\"{&quot;profecient_mouse_effects_toggle&quot;:0}\" data-widget_type=\"jkit_button.default\">\n\t\t\t\t<div class=\"elementor-widget-container\">\n\t\t\t\t\t<div  class=\"jeg-elementor-kit jkit-button  icon-position-after jeg_module__3_69ef52b5d7772\" ><a href=\"https:\/\/visualflow.es\/negocios\/inmobiliarias-encuentro-almagro\/\" class=\"jkit-button-wrapper\">Ver m\u00e1s<i aria-hidden=\"true\" class=\"jki jki-right-arrow1-light\"><\/i><\/a><\/div>\t\t\t\t<\/div>\n\t\t\t\t<\/div>\n\t\t\t\t\t<\/div>\n\t\t<\/div>\n\t\t\t\t\t<\/div>\n\t\t<\/section>\n\t\t\t\t\t<\/div>\n\t\t<\/div>\n\t\t\t\t\t<\/div>\n\t\t<\/section>\n\t\t\t\t<\/div>\n\t\t","protected":false},"excerpt":{"rendered":"<p>Negocios Convertimos ideas en \u00e9xitos empresariales En Visualflow, somos el mejor aliado para transformar tus ideas en proyectos de futuro. La siguiente, es una lista de las inversiones y oportunidades de negocio que gestionamos actualmente. Inmobiliarias Encuentro Almagro Hemos inaugurado una nueva oficina en la calle Santa Engracia, en pleno coraz\u00f3n de Chamber\u00ed, uno de [&hellip;]<\/p>\n","protected":false},"author":1,"featured_media":0,"parent":0,"menu_order":0,"comment_status":"closed","ping_status":"closed","template":"elementor_header_footer","meta":{"footnotes":""},"class_list":["post-1400","page","type-page","status-publish","hentry"],"_links":{"self":[{"href":"https:\/\/visualflow.es\/en\/wp-json\/wp\/v2\/pages\/1400","targetHints":{"allow":["GET"]}}],"collection":[{"href":"https:\/\/visualflow.es\/en\/wp-json\/wp\/v2\/pages"}],"about":[{"href":"https:\/\/visualflow.es\/en\/wp-json\/wp\/v2\/types\/page"}],"author":[{"embeddable":true,"href":"https:\/\/visualflow.es\/en\/wp-json\/wp\/v2\/users\/1"}],"replies":[{"embeddable":true,"href":"https:\/\/visualflow.es\/en\/wp-json\/wp\/v2\/comments?post=1400"}],"version-history":[{"count":2,"href":"https:\/\/visualflow.es\/en\/wp-json\/wp\/v2\/pages\/1400\/revisions"}],"predecessor-version":[{"id":1402,"href":"https:\/\/visualflow.es\/en\/wp-json\/wp\/v2\/pages\/1400\/revisions\/1402"}],"wp:attachment":[{"href":"https:\/\/visualflow.es\/en\/wp-json\/wp\/v2\/media?parent=1400"}],"curies":[{"name":"wp","href":"https:\/\/api.w.org\/{rel}","templated":true}]}}